{"id":21,"date":"2018-09-24T09:45:17","date_gmt":"2018-09-24T09:45:17","guid":{"rendered":"https:\/\/pbholdingsvina.com\/?page_id=21"},"modified":"2024-03-21T17:44:48","modified_gmt":"2024-03-21T10:44:48","slug":"lien-he","status":"publish","type":"page","link":"https:\/\/pbholdingsvina.com\/vi\/lien-he\/","title":{"rendered":"Li\u00ean h\u1ec7"},"content":{"rendered":"<p>\t<iframe src=\"https:\/\/www.google.com\/maps\/embed\/v1\/place?key=AIzaSyD09zQ9PNDNNy9TadMuzRV_UsPUoWKntt8&#038;q=173B+Ha+Noi+Highway%2C+Thao+Dien+Ward%2C+District+2%2C+Ho+Chi+Minh+City%2C+Vietnam\" style=\"border:0;width:100%;height:500px\"><\/iframe><\/p>\n<p style=\"text-align: justify;\"><strong><b>C\u00d4NG TY TNHH D\u1ecaCH V\u1ee4 T\u1ed4NG H\u1ee2P ACE<\/b><\/strong><\/p>\n<p style=\"text-align: justify;\"><strong>\u0110\u1ecba ch\u1ec9:<\/strong> 173B V\u00f5 Nguy\u00ean Gi\u00e1p, P. Th\u1ea3o \u0110i\u1ec1n, Th\u00e0nh ph\u1ed1 Th\u1ee7 \u0110\u1ee9c, Th\u00e0nh Ph\u1ed1 H\u1ed3 Ch\u00ed Minh, Vi\u1ec7t Nam<\/p>\n<p style=\"text-align: justify;\"><strong>Tel:<\/strong> +84 028 3872 0820\/3872 0796<\/p>\n<p style=\"text-align: justify;\"><strong>MST:<\/strong> 0314 901 566<\/p>\n<p style=\"text-align: justify;\"><strong>Li\u00ean h\u1ec7 ng\u01b0\u1eddi H\u00e0n Qu\u1ed1c (Th\u01b0\u01a1ng m\u1ea1i MRO): Mr. Hwang<\/strong><\/p>\n<p style=\"text-align: justify;\"><strong>Phone:<\/strong> 0901 779 764<\/p>\n<p style=\"text-align: justify;\"><strong>Email:<\/strong> hht73@eprobank.com<\/p>\n<p style=\"text-align: justify;\"><strong>Li\u00ean h\u1ec7 ng\u01b0\u1eddi Vi\u1ec7t Nam (Th\u01b0\u01a1ng m\u1ea1i MRO): Ms. Hien<\/strong><\/p>\n<p style=\"text-align: justify;\"><strong>Phone:<\/strong> 0 908 505 313<\/p>\n<p style=\"text-align: justify;\"><strong>Email:<\/strong>\u00a0Hien.le@atsvn.vn<\/p>\n<h3>\n\t\tLI\u00caN H\u1ec6<br \/>\n\t<\/h3>\n<div role=\"form\" class=\"wpcf7\" id=\"wpcf7-f240-o1\" lang=\"en-US\" dir=\"ltr\">\n<div class=\"screen-reader-response\"><\/div>\n<form action=\"\/vi\/wp-json\/wp\/v2\/pages\/21#wpcf7-f240-o1\" method=\"post\" class=\"wpcf7-form\" novalidate=\"novalidate\">\n<div style=\"display: none;\">\n<input type=\"hidden\" name=\"_wpcf7\" value=\"240\" \/>\n<input type=\"hidden\" name=\"_wpcf7_version\" value=\"5.1.1\" \/>\n<input type=\"hidden\" name=\"_wpcf7_locale\" value=\"en_US\" \/>\n<input type=\"hidden\" name=\"_wpcf7_unit_tag\" value=\"wpcf7-f240-o1\" \/>\n<input type=\"hidden\" name=\"_wpcf7_container_post\" value=\"0\" \/>\n<input type=\"hidden\" name=\"g-recaptcha-response\" value=\"\" \/>\n<\/div>\n<div style=\"display: none\"><p><span class=\"wpcf7-form-control-wrap\" data-name=\"mbws\"><input size=\"40\" class=\"wpcf7-form-control wpcf7-text\" aria-invalid=\"false\" value=\"\" type=\"text\" name=\"mbws\"><\/span><\/p><\/div><div class=\"row\">\n<div class=\"col-xs-12 col-md-4\">\n<div class=\"form-group\">\n<span class=\"wpcf7-form-control-wrap name\"><input type=\"text\" name=\"name\" value=\"\" size=\"40\" class=\"wpcf7-form-control wpcf7-text wpcf7-validates-as-required\" aria-required=\"true\" aria-invalid=\"false\" placeholder=\"H\u1ecd *\" \/><\/span>\n<\/div>\n<\/div>\n<div class=\"col-xs-12 col-md-4\">\n<div class=\"form-group\">\n<span class=\"wpcf7-form-control-wrap last-name\"><input type=\"text\" name=\"last-name\" value=\"\" size=\"40\" class=\"wpcf7-form-control wpcf7-text wpcf7-validates-as-required\" aria-required=\"true\" aria-invalid=\"false\" placeholder=\"T\u00ean *\" \/><\/span>\n<\/div>\n<\/div>\n<\/div>\n<div class=\"row\">\n<div class=\"col-xs-12 col-md-4\">\n<div class=\"form-group\">\n<span class=\"wpcf7-form-control-wrap your-email\"><input type=\"email\" name=\"your-email\" value=\"\" size=\"40\" class=\"wpcf7-form-control wpcf7-text wpcf7-email wpcf7-validates-as-required wpcf7-validates-as-email\" aria-required=\"true\" aria-invalid=\"false\" placeholder=\"Email *\" \/><\/span>\n<\/div>\n<\/div>\n<div class=\"col-xs-12 col-md-4\">\n<div class=\"form-group\">\n<span class=\"wpcf7-form-control-wrap phone\"><input type=\"tel\" name=\"phone\" value=\"\" size=\"40\" class=\"wpcf7-form-control wpcf7-text wpcf7-tel wpcf7-validates-as-tel\" aria-invalid=\"false\" placeholder=\"\u0110i\u1ec7n tho\u1ea1i\" \/><\/span>\n<\/div>\n<\/div>\n<\/div>\n<div class=\"row\">\n<div class=\"col-xs-12 col-md-8\">\n<div class=\"form-group\">\n<span class=\"wpcf7-form-control-wrap subject\"><input type=\"text\" name=\"subject\" value=\"\" size=\"40\" class=\"wpcf7-form-control wpcf7-text wpcf7-validates-as-required\" aria-required=\"true\" aria-invalid=\"false\" placeholder=\"Ti\u00eau \u0111\u1ec1 *\" \/><\/span>\n<\/div>\n<div class=\"form-group\" style=\"display:none;\">\n<span class=\"wpcf7-form-control-wrap your-subject\"><input type=\"text\" name=\"your-subject\" value=\"Li\u00ean h\u1ec7\" size=\"40\" class=\"wpcf7-form-control wpcf7-text wpcf7-validates-as-required\" aria-required=\"true\" aria-invalid=\"false\" \/><\/span>\n<\/div>\n<\/div>\n<div class=\"col-xs-12\">\n<div class=\"form-group\">\n<span class=\"wpcf7-form-control-wrap message\"><textarea name=\"message\" cols=\"40\" rows=\"10\" class=\"wpcf7-form-control wpcf7-textarea wpcf7-validates-as-required\" aria-required=\"true\" aria-invalid=\"false\" placeholder=\"N\u1ed9i dung *\"><\/textarea><\/span>\n<\/div>\n<p><input type=\"submit\" value=\"G\u1eecI\" class=\"wpcf7-form-control wpcf7-submit\" \/>\n<\/p><\/div>\n<\/div>\n<div class=\"wpcf7-response-output wpcf7-display-none\"><\/div><\/form><\/div>\n<p style=\"text-align: justify;\"><strong>C\u00d4NG TY TNHH TH\u1ef0C PH\u1ea8M PROBANK <\/strong><\/p>\n<p style=\"text-align: justify;\"><strong>\u0110\u1ecba ch\u1ec9:<\/strong> 173B V\u00f5 Nguy\u00ean Gi\u00e1p, P. Th\u1ea3o \u0110i\u1ec1n, Th\u00e0nh ph\u1ed1 Th\u1ee7 \u0110\u1ee9c, Th\u00e0nh Ph\u1ed1 H\u1ed3 Ch\u00ed Minh, Vi\u1ec7t Nam<\/p>\n<p style=\"text-align: justify;\"><strong>MST:<\/strong> 0312982390<\/p>\n<p style=\"text-align: justify;\"><strong>Li\u00ean h\u1ec7 Catering: Mr Choi<\/strong><\/p>\n<p style=\"text-align: justify;\"><strong>Phone:<\/strong> 84 93 197 7670<\/p>\n<p style=\"text-align: justify;\"><strong>Email:<\/strong> kevin@eprobank.com<\/p>\n<p style=\"text-align: justify;\"><strong>C\u00d4NG TY TNHH PSL VINA<\/strong><\/p>\n<p style=\"text-align: justify;\"><strong>\u0110\u1ecba ch\u1ec9:<\/strong> 173B V\u00f5 Nguy\u00ean Gi\u00e1p, P. Th\u1ea3o \u0110i\u1ec1n, Th\u00e0nh ph\u1ed1 Th\u1ee7 \u0110\u1ee9c, Th\u00e0nh Ph\u1ed1 H\u1ed3 Ch\u00ed Minh, Vi\u1ec7t Nam<\/p>\n<p style=\"text-align: justify;\"><strong>MST:<\/strong> 0313.374204<\/p>\n<p style=\"text-align: justify;\"><strong>Tel:<\/strong> +84 028 3872 0886\/ 3872 0486<\/p>\n<p style=\"text-align: justify;\"><strong>Th\u1ec3 thao &#8211; Du l\u1ecbch: Mr. Heo<\/strong><\/p>\n<p style=\"text-align: justify;\"><strong>Phone:<\/strong> 0707 476 219<\/p>\n<p style=\"text-align: justify;\"><strong>Email\u00a0:<\/strong> hj3045@naver.com<\/p>\n<p style=\"text-align: justify;\"><strong>C\u00d4NG TY TNHH PB HOLDINGS VINA<\/strong><\/p>\n<p style=\"text-align: justify;\"><strong>\u0110\u1ecba ch\u1ec9:<\/strong> 173B V\u00f5 Nguy\u00ean Gi\u00e1p, P. Th\u1ea3o \u0110i\u1ec1n, Th\u00e0nh ph\u1ed1 Th\u1ee7 \u0110\u1ee9c, Th\u00e0nh Ph\u1ed1 H\u1ed3 Ch\u00ed Minh, Vi\u1ec7t Nam<\/p>\n<p style=\"text-align: justify;\"><strong>MST:<\/strong> 0312963905<\/p>\n<p style=\"text-align: justify;\"><strong>Li\u00ean h\u1ec7 Golf: Mr. Kim Kwang Sik<\/strong><\/p>\n<p style=\"text-align: justify;\"><strong>Phone:<\/strong> 0931 406 623<\/p>\n<p style=\"text-align: justify;\"><strong>Email:<\/strong> kimkwangsik@atsvn.vn<\/p>\n","protected":false},"excerpt":{"rendered":"<p>C\u00d4NG TY TNHH D\u1ecaCH V\u1ee4 T\u1ed4NG H\u1ee2P ACE \u0110\u1ecba ch\u1ec9: 173B V\u00f5 Nguy\u00ean Gi\u00e1p, P. Th\u1ea3o \u0110i\u1ec1n, Th\u00e0nh ph\u1ed1 Th\u1ee7 \u0110\u1ee9c, Th\u00e0nh Ph\u1ed1 H\u1ed3 Ch\u00ed Minh, Vi\u1ec7t Nam Tel: +84 028 3872 0820\/3872 0796 MST: 0314 901 566 Li\u00ean h\u1ec7 ng\u01b0\u1eddi H\u00e0n Qu\u1ed1c (Th\u01b0\u01a1ng m\u1ea1i MRO): Mr. Hwang Phone: 0901 779 764 Email: hht73@eprobank.com Li\u00ean&hellip;<\/p>\n","protected":false},"author":2,"featured_media":0,"parent":0,"menu_order":0,"comment_status":"closed","ping_status":"closed","template":"","meta":[],"_links":{"self":[{"href":"https:\/\/pbholdingsvina.com\/vi\/wp-json\/wp\/v2\/pages\/21"}],"collection":[{"href":"https:\/\/pbholdingsvina.com\/vi\/wp-json\/wp\/v2\/pages"}],"about":[{"href":"https:\/\/pbholdingsvina.com\/vi\/wp-json\/wp\/v2\/types\/page"}],"author":[{"embeddable":true,"href":"https:\/\/pbholdingsvina.com\/vi\/wp-json\/wp\/v2\/users\/2"}],"replies":[{"embeddable":true,"href":"https:\/\/pbholdingsvina.com\/vi\/wp-json\/wp\/v2\/comments?post=21"}],"version-history":[{"count":17,"href":"https:\/\/pbholdingsvina.com\/vi\/wp-json\/wp\/v2\/pages\/21\/revisions"}],"predecessor-version":[{"id":1781,"href":"https:\/\/pbholdingsvina.com\/vi\/wp-json\/wp\/v2\/pages\/21\/revisions\/1781"}],"wp:attachment":[{"href":"https:\/\/pbholdingsvina.com\/vi\/wp-json\/wp\/v2\/media?parent=21"}],"curies":[{"name":"wp","href":"https:\/\/api.w.org\/{rel}","templated":true}]}}